{"id":988046,"date":"2025-12-11T11:09:50","date_gmt":"2025-12-11T11:09:50","guid":{"rendered":"https:\/\/linkgross.se\/?post_type=product&#038;p=988046"},"modified":"2026-03-31T09:24:49","modified_gmt":"2026-03-31T09:24:49","slug":"allrent-ajax-universal-sprey-750ml","status":"publish","type":"product","link":"https:\/\/linkgross.se\/en\/product\/allrent-ajax-universal-sprey-750ml\/","title":{"rendered":"YTDESINFEKTION DES +24\/7 Reng\u00f6ringsmedel 750ml"},"content":{"rendered":"<div class=\"vgblk-rw-wrapper limit-wrapper\">Des +24\/7 ytdesinfektion reng\u00f6r och avd\u00f6dar snabbt 99,9% av alla bakterier och flertalet virus (bland annat Coronavirus). Dessutom varar effekten i hela 24 timmar. Nu kan dina kunder\/g\u00e4ster k\u00e4nna sig trygga n\u00e4r de vistas hos er. Och ni spar tid som kan l\u00e4ggas p\u00e5 trevligare saker \u00e4n st\u00e4ndig desinficering.<\/p>\n<ul>\n<li>Skyddar i 24 timmar<\/li>\n<li>D\u00f6dar 99,9% av alla bakterier, m\u00f6gel och virus inkl Coronavirus snabbt<\/li>\n<li>Effektiv reng\u00f6rande effekt<\/li>\n<li>Vattenbaserad<\/li>\n<li>Etanolfri<\/li>\n<\/ul>\n<p><img decoding=\"async\" class=\"left-align\" src=\"https:\/\/cdn.starwebserver.se\/shops\/bimo\/files\/cache\/svanen_micro.jpg?_=1618901998\" srcset=\"https:\/\/cdn.starwebserver.se\/shops\/bimo\/files\/cache\/svanen_micro.jpg?_=1618901998 100w\" alt=\"\" width=\"100\" height=\"95\" \/><\/div>\n<p><!-- .vgblk-rw-wrapper --><\/p>\n","protected":false},"excerpt":{"rendered":"<p>Des +24\/7 ytdesinfektion reng\u00f6r och avd\u00f6dar snabbt 99,9% av alla bakterier och flertalet virus!<\/p>\n","protected":false},"featured_media":988078,"comment_status":"open","ping_status":"closed","template":"","meta":[],"product_brand":[],"product_cat":[163],"product_tag":[],"class_list":{"0":"post-988046","1":"product","2":"type-product","3":"status-publish","4":"has-post-thumbnail","6":"product_cat-cleaning-paper-chemicals-hygiene-paper-towels","8":"first","9":"instock","10":"featured","11":"shipping-taxable","12":"purchasable","13":"product-type-simple"},"_links":{"self":[{"href":"https:\/\/linkgross.se\/en\/wp-json\/wp\/v2\/product\/988046","targetHints":{"allow":["GET"]}}],"collection":[{"href":"https:\/\/linkgross.se\/en\/wp-json\/wp\/v2\/product"}],"about":[{"href":"https:\/\/linkgross.se\/en\/wp-json\/wp\/v2\/types\/product"}],"replies":[{"embeddable":true,"href":"https:\/\/linkgross.se\/en\/wp-json\/wp\/v2\/comments?post=988046"}],"version-history":[{"count":3,"href":"https:\/\/linkgross.se\/en\/wp-json\/wp\/v2\/product\/988046\/revisions"}],"predecessor-version":[{"id":988080,"href":"https:\/\/linkgross.se\/en\/wp-json\/wp\/v2\/product\/988046\/revisions\/988080"}],"wp:featuredmedia":[{"embeddable":true,"href":"https:\/\/linkgross.se\/en\/wp-json\/wp\/v2\/media\/988078"}],"wp:attachment":[{"href":"https:\/\/linkgross.se\/en\/wp-json\/wp\/v2\/media?parent=988046"}],"wp:term":[{"taxonomy":"product_brand","embeddable":true,"href":"https:\/\/linkgross.se\/en\/wp-json\/wp\/v2\/product_brand?post=988046"},{"taxonomy":"product_cat","embeddable":true,"href":"https:\/\/linkgross.se\/en\/wp-json\/wp\/v2\/product_cat?post=988046"},{"taxonomy":"product_tag","embeddable":true,"href":"https:\/\/linkgross.se\/en\/wp-json\/wp\/v2\/product_tag?post=988046"}],"curies":[{"name":"wp","href":"https:\/\/api.w.org\/{rel}","templated":true}]}}