{"id":988024,"date":"2025-12-11T10:57:16","date_gmt":"2025-12-11T10:57:16","guid":{"rendered":"https:\/\/linkgross.se\/?post_type=product&#038;p=988024"},"modified":"2026-03-26T22:33:48","modified_gmt":"2026-03-26T22:33:48","slug":"pizzakartong-30x30x35cm-kvalitet","status":"publish","type":"product","link":"https:\/\/linkgross.se\/en\/product\/pizzakartong-30x30x35cm-kvalitet\/","title":{"rendered":"Pizzakartong Kvalit\u00e9t 30x30x3,5cm"},"content":{"rendered":"<p><b>Pizzakartong 30x30x3,5 cm<\/b> \u00e4r av h\u00f6gsta kvalit\u00e9.<\/p>\n<p><b>Produktegenskaper<\/b><br \/>\n&#8211; Godk\u00e4nd f\u00f6r matkontakt<br \/>\n&#8211; Finns i flera storlekar<\/p>\n<p><b>Produktspecifikationer<\/b><br \/>\nM\u00e5tt: 30x30x3,5 cm<br \/>\nMaterial: Wellpapp<\/p>\n","protected":false},"excerpt":{"rendered":"<p class=\"pdp__details__read-more__text\" data-js-read-more=\"\" data-gtm-vis-recent-on-screen6197100_95=\"4022\" data-gtm-vis-first-on-screen6197100_95=\"4022\" data-gtm-vis-total-visible-time6197100_95=\"100\" data-gtm-vis-has-fired6197100_95=\"1\"><b>Pizzakartong 30x30x3,5 cm<\/b> \u00e4r av h\u00f6gsta kvalit\u00e9.<\/p>\n","protected":false},"featured_media":988067,"comment_status":"open","ping_status":"closed","template":"","meta":[],"product_brand":[],"product_cat":[166],"product_tag":[],"class_list":{"0":"post-988024","1":"product","2":"type-product","3":"status-publish","4":"has-post-thumbnail","6":"product_cat-food-conteiners-take-away","8":"first","9":"instock","10":"featured","11":"shipping-taxable","12":"product-type-simple"},"_links":{"self":[{"href":"https:\/\/linkgross.se\/en\/wp-json\/wp\/v2\/product\/988024","targetHints":{"allow":["GET"]}}],"collection":[{"href":"https:\/\/linkgross.se\/en\/wp-json\/wp\/v2\/product"}],"about":[{"href":"https:\/\/linkgross.se\/en\/wp-json\/wp\/v2\/types\/product"}],"replies":[{"embeddable":true,"href":"https:\/\/linkgross.se\/en\/wp-json\/wp\/v2\/comments?post=988024"}],"version-history":[{"count":6,"href":"https:\/\/linkgross.se\/en\/wp-json\/wp\/v2\/product\/988024\/revisions"}],"predecessor-version":[{"id":988315,"href":"https:\/\/linkgross.se\/en\/wp-json\/wp\/v2\/product\/988024\/revisions\/988315"}],"wp:featuredmedia":[{"embeddable":true,"href":"https:\/\/linkgross.se\/en\/wp-json\/wp\/v2\/media\/988067"}],"wp:attachment":[{"href":"https:\/\/linkgross.se\/en\/wp-json\/wp\/v2\/media?parent=988024"}],"wp:term":[{"taxonomy":"product_brand","embeddable":true,"href":"https:\/\/linkgross.se\/en\/wp-json\/wp\/v2\/product_brand?post=988024"},{"taxonomy":"product_cat","embeddable":true,"href":"https:\/\/linkgross.se\/en\/wp-json\/wp\/v2\/product_cat?post=988024"},{"taxonomy":"product_tag","embeddable":true,"href":"https:\/\/linkgross.se\/en\/wp-json\/wp\/v2\/product_tag?post=988024"}],"curies":[{"name":"wp","href":"https:\/\/api.w.org\/{rel}","templated":true}]}}