{"id":988018,"date":"2025-12-11T10:56:26","date_gmt":"2025-12-11T10:56:26","guid":{"rendered":"https:\/\/linkgross.se\/?post_type=product&#038;p=988018"},"modified":"2026-03-26T22:34:11","modified_gmt":"2026-03-26T22:34:11","slug":"pizzakartong-33x33x35cm","status":"publish","type":"product","link":"https:\/\/linkgross.se\/en\/product\/pizzakartong-33x33x35cm\/","title":{"rendered":"Pizzakartong Kvalit\u00e9ts 33x33x3,5cm"},"content":{"rendered":"<div class=\"vgblk-rw-wrapper limit-wrapper\"><b>Pizzakartong 33x33x3,5 cm<\/b> \u00e4r av h\u00f6gsta kvalit\u00e9.<\/div>\n<p><!-- .vgblk-rw-wrapper --><\/p>\n","protected":false},"excerpt":{"rendered":"<p class=\"pdp__details__read-more__text\" data-js-read-more=\"\" data-gtm-vis-recent-on-screen6197100_95=\"412\" data-gtm-vis-first-on-screen6197100_95=\"412\" data-gtm-vis-total-visible-time6197100_95=\"100\" data-gtm-vis-has-fired6197100_95=\"1\"><b>Pizzakartong 33x33x3,5 cm<\/b> \u00e4r av h\u00f6gsta kvalit\u00e9.<\/p>\n","protected":false},"featured_media":988067,"comment_status":"open","ping_status":"closed","template":"","meta":[],"product_brand":[],"product_cat":[166],"product_tag":[],"class_list":{"0":"post-988018","1":"product","2":"type-product","3":"status-publish","4":"has-post-thumbnail","6":"product_cat-food-conteiners-take-away","8":"first","9":"instock","10":"featured","11":"shipping-taxable","12":"product-type-simple"},"_links":{"self":[{"href":"https:\/\/linkgross.se\/en\/wp-json\/wp\/v2\/product\/988018","targetHints":{"allow":["GET"]}}],"collection":[{"href":"https:\/\/linkgross.se\/en\/wp-json\/wp\/v2\/product"}],"about":[{"href":"https:\/\/linkgross.se\/en\/wp-json\/wp\/v2\/types\/product"}],"replies":[{"embeddable":true,"href":"https:\/\/linkgross.se\/en\/wp-json\/wp\/v2\/comments?post=988018"}],"version-history":[{"count":4,"href":"https:\/\/linkgross.se\/en\/wp-json\/wp\/v2\/product\/988018\/revisions"}],"predecessor-version":[{"id":988316,"href":"https:\/\/linkgross.se\/en\/wp-json\/wp\/v2\/product\/988018\/revisions\/988316"}],"wp:featuredmedia":[{"embeddable":true,"href":"https:\/\/linkgross.se\/en\/wp-json\/wp\/v2\/media\/988067"}],"wp:attachment":[{"href":"https:\/\/linkgross.se\/en\/wp-json\/wp\/v2\/media?parent=988018"}],"wp:term":[{"taxonomy":"product_brand","embeddable":true,"href":"https:\/\/linkgross.se\/en\/wp-json\/wp\/v2\/product_brand?post=988018"},{"taxonomy":"product_cat","embeddable":true,"href":"https:\/\/linkgross.se\/en\/wp-json\/wp\/v2\/product_cat?post=988018"},{"taxonomy":"product_tag","embeddable":true,"href":"https:\/\/linkgross.se\/en\/wp-json\/wp\/v2\/product_tag?post=988018"}],"curies":[{"name":"wp","href":"https:\/\/api.w.org\/{rel}","templated":true}]}}