{"id":988008,"date":"2025-12-11T10:51:41","date_gmt":"2025-12-11T10:51:41","guid":{"rendered":"https:\/\/linkgross.se\/?post_type=product&#038;p=988008"},"modified":"2026-03-26T22:23:39","modified_gmt":"2026-03-26T22:23:39","slug":"hamtbox-hamburger-box-stor","status":"publish","type":"product","link":"https:\/\/linkgross.se\/en\/product\/hamtbox-hamburger-box-stor\/","title":{"rendered":"H\u00e4mtbox \/ Hamburger Box Stor 150st 2ld\/FP"},"content":{"rendered":"<div class=\"vgblk-rw-wrapper limit-wrapper\">H\u00e4mtboxar h\u00e5ller maten varm och skyddad hela v\u00e4gen hem. \u00a0Perfekt f\u00f6r restauranger som vill leverera mat med b\u00e5de kvalitet och h\u00e5llbarhet.<\/div>\n<p><!-- .vgblk-rw-wrapper --><\/p>\n","protected":false},"excerpt":{"rendered":"<p class=\"pdp__details__read-more__text\" data-js-read-more=\"\" data-gtm-vis-recent-on-screen6197100_95=\"791\" data-gtm-vis-first-on-screen6197100_95=\"791\" data-gtm-vis-total-visible-time6197100_95=\"100\" data-gtm-vis-has-fired6197100_95=\"1\">H\u00e4mtboxar h\u00e5ller maten varm och skyddad hela v\u00e4gen hem. \u00a0Perfekt f\u00f6r restauranger som vill leverera mat med b\u00e5de kvalitet och h\u00e5llbarhet.<\/p>\n","protected":false},"featured_media":988095,"comment_status":"open","ping_status":"closed","template":"","meta":[],"product_brand":[],"product_cat":[162],"product_tag":[],"class_list":{"0":"post-988008","1":"product","2":"type-product","3":"status-publish","4":"has-post-thumbnail","6":"product_cat-kitchen-supplies-dishwasher","8":"first","9":"instock","10":"featured","11":"shipping-taxable","12":"product-type-simple"},"_links":{"self":[{"href":"https:\/\/linkgross.se\/en\/wp-json\/wp\/v2\/product\/988008","targetHints":{"allow":["GET"]}}],"collection":[{"href":"https:\/\/linkgross.se\/en\/wp-json\/wp\/v2\/product"}],"about":[{"href":"https:\/\/linkgross.se\/en\/wp-json\/wp\/v2\/types\/product"}],"replies":[{"embeddable":true,"href":"https:\/\/linkgross.se\/en\/wp-json\/wp\/v2\/comments?post=988008"}],"version-history":[{"count":5,"href":"https:\/\/linkgross.se\/en\/wp-json\/wp\/v2\/product\/988008\/revisions"}],"predecessor-version":[{"id":988318,"href":"https:\/\/linkgross.se\/en\/wp-json\/wp\/v2\/product\/988008\/revisions\/988318"}],"wp:featuredmedia":[{"embeddable":true,"href":"https:\/\/linkgross.se\/en\/wp-json\/wp\/v2\/media\/988095"}],"wp:attachment":[{"href":"https:\/\/linkgross.se\/en\/wp-json\/wp\/v2\/media?parent=988008"}],"wp:term":[{"taxonomy":"product_brand","embeddable":true,"href":"https:\/\/linkgross.se\/en\/wp-json\/wp\/v2\/product_brand?post=988008"},{"taxonomy":"product_cat","embeddable":true,"href":"https:\/\/linkgross.se\/en\/wp-json\/wp\/v2\/product_cat?post=988008"},{"taxonomy":"product_tag","embeddable":true,"href":"https:\/\/linkgross.se\/en\/wp-json\/wp\/v2\/product_tag?post=988008"}],"curies":[{"name":"wp","href":"https:\/\/api.w.org\/{rel}","templated":true}]}}